{"id":29,"date":"2018-11-03T17:42:12","date_gmt":"2018-11-03T17:42:12","guid":{"rendered":"http:\/\/hoermann.kuenstlerischetherapien.de\/?page_id=29"},"modified":"2026-01-04T14:28:28","modified_gmt":"2026-01-04T14:28:28","slug":"musiktherapie","status":"publish","type":"page","link":"https:\/\/hoermann.kuenstlerischetherapien.de\/?page_id=29","title":{"rendered":"Musiktherapie"},"content":{"rendered":"<h5><span style=\"color: #738099;\">Meine Leidenschaft f\u00fcr das Wirkungspotential von Musik und somit auch f\u00fcr die<\/span><br \/>\n<a href=\"https:\/\/musiktherapie-info.de\">Musiktherapie<\/a><\/h5>\n<h5><span style=\"color: #738099;\">Hier geht&#8217;s zum\u00a0<\/span><br \/>\n<a href=\"http:\/\/musiktherapieblog.kuenstlerischetherapien.de\/\">MusiktherapieBlog<\/a><\/h5>\n","protected":false},"excerpt":{"rendered":"<p>Meine Leidenschaft f\u00fcr das Wirkungspotential von Musik und somit auch f\u00fcr die Musiktherapie Hier geht&#8217;s zum\u00a0 MusiktherapieBlog<\/p>\n","protected":false},"author":1,"featured_media":0,"parent":0,"menu_order":0,"comment_status":"closed","ping_status":"closed","template":"","meta":{"footnotes":""},"class_list":["post-29","page","type-page","status-publish","hentry"],"yoast_head":"<!-- This site is optimized with the Yoast SEO plugin v26.6 - https:\/\/yoast.com\/wordpress\/plugins\/seo\/ -->\n<title>Musiktherapie - Karl H\u00f6rmann<\/title>\n<meta name=\"robots\" content=\"index, follow, max-snippet:-1, max-image-preview:large, max-video-preview:-1\" \/>\n<link rel=\"canonical\" href=\"https:\/\/hoermann.kuenstlerischetherapien.de\/?page_id=29\" \/>\n<meta property=\"og:locale\" content=\"de_DE\" \/>\n<meta property=\"og:type\" content=\"article\" \/>\n<meta property=\"og:title\" content=\"Musiktherapie - Karl H\u00f6rmann\" \/>\n<meta property=\"og:description\" content=\"Meine Leidenschaft f\u00fcr das Wirkungspotential von Musik und somit auch f\u00fcr die Musiktherapie Hier geht&#8217;s zum\u00a0 MusiktherapieBlog\" \/>\n<meta property=\"og:url\" content=\"https:\/\/hoermann.kuenstlerischetherapien.de\/?page_id=29\" \/>\n<meta property=\"og:site_name\" content=\"Karl H\u00f6rmann\" \/>\n<meta property=\"article:modified_time\" content=\"2026-01-04T14:28:28+00:00\" \/>\n<meta name=\"twitter:card\" content=\"summary_large_image\" \/>\n<meta name=\"twitter:label1\" content=\"Gesch\u00e4tzte Lesezeit\" \/>\n\t<meta name=\"twitter:data1\" content=\"1\u00a0Minute\" \/>\n<script type=\"application\/ld+json\" class=\"yoast-schema-graph\">{\"@context\":\"https:\/\/schema.org\",\"@graph\":[{\"@type\":\"WebPage\",\"@id\":\"https:\/\/hoermann.kuenstlerischetherapien.de\/?page_id=29\",\"url\":\"https:\/\/hoermann.kuenstlerischetherapien.de\/?page_id=29\",\"name\":\"Musiktherapie - Karl H\u00f6rmann\",\"isPartOf\":{\"@id\":\"https:\/\/hoermann.kuenstlerischetherapien.de\/#website\"},\"datePublished\":\"2018-11-03T17:42:12+00:00\",\"dateModified\":\"2026-01-04T14:28:28+00:00\",\"breadcrumb\":{\"@id\":\"https:\/\/hoermann.kuenstlerischetherapien.de\/?page_id=29#breadcrumb\"},\"inLanguage\":\"de\",\"potentialAction\":[{\"@type\":\"ReadAction\",\"target\":[\"https:\/\/hoermann.kuenstlerischetherapien.de\/?page_id=29\"]}]},{\"@type\":\"BreadcrumbList\",\"@id\":\"https:\/\/hoermann.kuenstlerischetherapien.de\/?page_id=29#breadcrumb\",\"itemListElement\":[{\"@type\":\"ListItem\",\"position\":1,\"name\":\"Startseite\",\"item\":\"https:\/\/hoermann.kuenstlerischetherapien.de\/\"},{\"@type\":\"ListItem\",\"position\":2,\"name\":\"Musiktherapie\"}]},{\"@type\":\"WebSite\",\"@id\":\"https:\/\/hoermann.kuenstlerischetherapien.de\/#website\",\"url\":\"https:\/\/hoermann.kuenstlerischetherapien.de\/\",\"name\":\"Karl H\u00f6rmann\",\"description\":\"Vielen Dank f\u00fcr Ihren Besuch!\",\"publisher\":{\"@id\":\"https:\/\/hoermann.kuenstlerischetherapien.de\/#\/schema\/person\/ad6f67d6b68e42a4e16ce45c29cb04fa\"},\"potentialAction\":[{\"@type\":\"SearchAction\",\"target\":{\"@type\":\"EntryPoint\",\"urlTemplate\":\"https:\/\/hoermann.kuenstlerischetherapien.de\/?s={search_term_string}\"},\"query-input\":{\"@type\":\"PropertyValueSpecification\",\"valueRequired\":true,\"valueName\":\"search_term_string\"}}],\"inLanguage\":\"de\"},{\"@type\":[\"Person\",\"Organization\"],\"@id\":\"https:\/\/hoermann.kuenstlerischetherapien.de\/#\/schema\/person\/ad6f67d6b68e42a4e16ce45c29cb04fa\",\"name\":\"hoermann\",\"image\":{\"@type\":\"ImageObject\",\"inLanguage\":\"de\",\"@id\":\"https:\/\/hoermann.kuenstlerischetherapien.de\/#\/schema\/person\/image\/\",\"url\":\"https:\/\/secure.gravatar.com\/avatar\/6c18c2e8018c28461079c3bcf12403520d10f3436982823d4db58c42987cf6e1?s=96&d=mm&r=g\",\"contentUrl\":\"https:\/\/secure.gravatar.com\/avatar\/6c18c2e8018c28461079c3bcf12403520d10f3436982823d4db58c42987cf6e1?s=96&d=mm&r=g\",\"caption\":\"hoermann\"},\"logo\":{\"@id\":\"https:\/\/hoermann.kuenstlerischetherapien.de\/#\/schema\/person\/image\/\"},\"sameAs\":[\"http:\/\/www.karl-hoermann.de\"]}]}<\/script>\n<!-- \/ Yoast SEO plugin. -->","yoast_head_json":{"title":"Musiktherapie - Karl H\u00f6rmann","robots":{"index":"index","follow":"follow","max-snippet":"max-snippet:-1","max-image-preview":"max-image-preview:large","max-video-preview":"max-video-preview:-1"},"canonical":"https:\/\/hoermann.kuenstlerischetherapien.de\/?page_id=29","og_locale":"de_DE","og_type":"article","og_title":"Musiktherapie - Karl H\u00f6rmann","og_description":"Meine Leidenschaft f\u00fcr das Wirkungspotential von Musik und somit auch f\u00fcr die Musiktherapie Hier geht&#8217;s zum\u00a0 MusiktherapieBlog","og_url":"https:\/\/hoermann.kuenstlerischetherapien.de\/?page_id=29","og_site_name":"Karl H\u00f6rmann","article_modified_time":"2026-01-04T14:28:28+00:00","twitter_card":"summary_large_image","twitter_misc":{"Gesch\u00e4tzte Lesezeit":"1\u00a0Minute"},"schema":{"@context":"https:\/\/schema.org","@graph":[{"@type":"WebPage","@id":"https:\/\/hoermann.kuenstlerischetherapien.de\/?page_id=29","url":"https:\/\/hoermann.kuenstlerischetherapien.de\/?page_id=29","name":"Musiktherapie - Karl H\u00f6rmann","isPartOf":{"@id":"https:\/\/hoermann.kuenstlerischetherapien.de\/#website"},"datePublished":"2018-11-03T17:42:12+00:00","dateModified":"2026-01-04T14:28:28+00:00","breadcrumb":{"@id":"https:\/\/hoermann.kuenstlerischetherapien.de\/?page_id=29#breadcrumb"},"inLanguage":"de","potentialAction":[{"@type":"ReadAction","target":["https:\/\/hoermann.kuenstlerischetherapien.de\/?page_id=29"]}]},{"@type":"BreadcrumbList","@id":"https:\/\/hoermann.kuenstlerischetherapien.de\/?page_id=29#breadcrumb","itemListElement":[{"@type":"ListItem","position":1,"name":"Startseite","item":"https:\/\/hoermann.kuenstlerischetherapien.de\/"},{"@type":"ListItem","position":2,"name":"Musiktherapie"}]},{"@type":"WebSite","@id":"https:\/\/hoermann.kuenstlerischetherapien.de\/#website","url":"https:\/\/hoermann.kuenstlerischetherapien.de\/","name":"Karl H\u00f6rmann","description":"Vielen Dank f\u00fcr Ihren Besuch!","publisher":{"@id":"https:\/\/hoermann.kuenstlerischetherapien.de\/#\/schema\/person\/ad6f67d6b68e42a4e16ce45c29cb04fa"},"potentialAction":[{"@type":"SearchAction","target":{"@type":"EntryPoint","urlTemplate":"https:\/\/hoermann.kuenstlerischetherapien.de\/?s={search_term_string}"},"query-input":{"@type":"PropertyValueSpecification","valueRequired":true,"valueName":"search_term_string"}}],"inLanguage":"de"},{"@type":["Person","Organization"],"@id":"https:\/\/hoermann.kuenstlerischetherapien.de\/#\/schema\/person\/ad6f67d6b68e42a4e16ce45c29cb04fa","name":"hoermann","image":{"@type":"ImageObject","inLanguage":"de","@id":"https:\/\/hoermann.kuenstlerischetherapien.de\/#\/schema\/person\/image\/","url":"https:\/\/secure.gravatar.com\/avatar\/6c18c2e8018c28461079c3bcf12403520d10f3436982823d4db58c42987cf6e1?s=96&d=mm&r=g","contentUrl":"https:\/\/secure.gravatar.com\/avatar\/6c18c2e8018c28461079c3bcf12403520d10f3436982823d4db58c42987cf6e1?s=96&d=mm&r=g","caption":"hoermann"},"logo":{"@id":"https:\/\/hoermann.kuenstlerischetherapien.de\/#\/schema\/person\/image\/"},"sameAs":["http:\/\/www.karl-hoermann.de"]}]}},"_links":{"self":[{"href":"https:\/\/hoermann.kuenstlerischetherapien.de\/index.php?rest_route=\/wp\/v2\/pages\/29","targetHints":{"allow":["GET"]}}],"collection":[{"href":"https:\/\/hoermann.kuenstlerischetherapien.de\/index.php?rest_route=\/wp\/v2\/pages"}],"about":[{"href":"https:\/\/hoermann.kuenstlerischetherapien.de\/index.php?rest_route=\/wp\/v2\/types\/page"}],"author":[{"embeddable":true,"href":"https:\/\/hoermann.kuenstlerischetherapien.de\/index.php?rest_route=\/wp\/v2\/users\/1"}],"replies":[{"embeddable":true,"href":"https:\/\/hoermann.kuenstlerischetherapien.de\/index.php?rest_route=%2Fwp%2Fv2%2Fcomments&post=29"}],"version-history":[{"count":2,"href":"https:\/\/hoermann.kuenstlerischetherapien.de\/index.php?rest_route=\/wp\/v2\/pages\/29\/revisions"}],"predecessor-version":[{"id":548,"href":"https:\/\/hoermann.kuenstlerischetherapien.de\/index.php?rest_route=\/wp\/v2\/pages\/29\/revisions\/548"}],"wp:attachment":[{"href":"https:\/\/hoermann.kuenstlerischetherapien.de\/index.php?rest_route=%2Fwp%2Fv2%2Fmedia&parent=29"}],"curies":[{"name":"wp","href":"https:\/\/api.w.org\/{rel}","templated":true}]}}