{"id":408,"date":"2025-12-07T16:35:25","date_gmt":"2025-12-07T16:35:25","guid":{"rendered":"http:\/\/hoermann.kuenstlerischetherapien.de\/?page_id=408"},"modified":"2025-12-07T16:35:25","modified_gmt":"2025-12-07T16:35:25","slug":"an-promovenden-und-interessierte","status":"publish","type":"page","link":"https:\/\/hoermann.kuenstlerischetherapien.de\/?page_id=408","title":{"rendered":"An Promovenden und Interessierte"},"content":{"rendered":"\n<p>Nat\u00fcrlich sind die Anfragen nach Promotionsbetreuung mit mir als Kritiker der diesbez\u00fcglichen Verh\u00e4ltnisse erfreulich und ehrenvoll, doch ist zu einiges zu bedenken.<\/p>\n\n\n\n<p>Wer das Stammwort &#8222;profiteri&#8220; nicht als Aufforderung zum Profitmachen, sondern in seiner urspr\u00fcnglichen Wort\u00fcbersetzung &#8222;\u00f6ffentlich bekennen&#8220; ernst nimmt, gilt nicht mehr als zeitgem\u00e4\u00df und muss entsprechende Konsequenzen bef\u00fcrchten.<\/p>\n\n\n\n<p><\/p>\n\n\n\n<p> <\/p>\n","protected":false},"excerpt":{"rendered":"<p>Nat\u00fcrlich sind die Anfragen nach Promotionsbetreuung mit mir als Kritiker der diesbez\u00fcglichen Verh\u00e4ltnisse erfreulich und ehrenvoll, doch ist zu einiges zu bedenken. Wer das Stammwort &#8222;profiteri&#8220; nicht als Aufforderung zum Profitmachen, sondern in seiner urspr\u00fcnglichen Wort\u00fcbersetzung &#8222;\u00f6ffentlich bekennen&#8220; ernst nimmt, gilt nicht mehr als zeitgem\u00e4\u00df und muss entsprechende Konsequenzen bef\u00fcrchten.<\/p>\n","protected":false},"author":1,"featured_media":0,"parent":0,"menu_order":0,"comment_status":"closed","ping_status":"closed","template":"","meta":{"footnotes":""},"class_list":["post-408","page","type-page","status-publish","hentry"],"yoast_head":"<!-- This site is optimized with the Yoast SEO plugin v26.6 - https:\/\/yoast.com\/wordpress\/plugins\/seo\/ -->\n<title>An Promovenden und Interessierte - Karl H\u00f6rmann<\/title>\n<meta name=\"robots\" content=\"index, follow, max-snippet:-1, max-image-preview:large, max-video-preview:-1\" \/>\n<link rel=\"canonical\" href=\"https:\/\/hoermann.kuenstlerischetherapien.de\/?page_id=408\" \/>\n<meta property=\"og:locale\" content=\"de_DE\" \/>\n<meta property=\"og:type\" content=\"article\" \/>\n<meta property=\"og:title\" content=\"An Promovenden und Interessierte - Karl H\u00f6rmann\" \/>\n<meta property=\"og:description\" content=\"Nat\u00fcrlich sind die Anfragen nach Promotionsbetreuung mit mir als Kritiker der diesbez\u00fcglichen Verh\u00e4ltnisse erfreulich und ehrenvoll, doch ist zu einiges zu bedenken. Wer das Stammwort &#8222;profiteri&#8220; nicht als Aufforderung zum Profitmachen, sondern in seiner urspr\u00fcnglichen Wort\u00fcbersetzung &#8222;\u00f6ffentlich bekennen&#8220; ernst nimmt, gilt nicht mehr als zeitgem\u00e4\u00df und muss entsprechende Konsequenzen bef\u00fcrchten.\" \/>\n<meta property=\"og:url\" content=\"https:\/\/hoermann.kuenstlerischetherapien.de\/?page_id=408\" \/>\n<meta property=\"og:site_name\" content=\"Karl H\u00f6rmann\" \/>\n<meta name=\"twitter:card\" content=\"summary_large_image\" \/>\n<meta name=\"twitter:label1\" content=\"Gesch\u00e4tzte Lesezeit\" \/>\n\t<meta name=\"twitter:data1\" content=\"1\u00a0Minute\" \/>\n<script type=\"application\/ld+json\" class=\"yoast-schema-graph\">{\"@context\":\"https:\/\/schema.org\",\"@graph\":[{\"@type\":\"WebPage\",\"@id\":\"https:\/\/hoermann.kuenstlerischetherapien.de\/?page_id=408\",\"url\":\"https:\/\/hoermann.kuenstlerischetherapien.de\/?page_id=408\",\"name\":\"An Promovenden und Interessierte - Karl H\u00f6rmann\",\"isPartOf\":{\"@id\":\"https:\/\/hoermann.kuenstlerischetherapien.de\/#website\"},\"datePublished\":\"2025-12-07T16:35:25+00:00\",\"breadcrumb\":{\"@id\":\"https:\/\/hoermann.kuenstlerischetherapien.de\/?page_id=408#breadcrumb\"},\"inLanguage\":\"de\",\"potentialAction\":[{\"@type\":\"ReadAction\",\"target\":[\"https:\/\/hoermann.kuenstlerischetherapien.de\/?page_id=408\"]}]},{\"@type\":\"BreadcrumbList\",\"@id\":\"https:\/\/hoermann.kuenstlerischetherapien.de\/?page_id=408#breadcrumb\",\"itemListElement\":[{\"@type\":\"ListItem\",\"position\":1,\"name\":\"Startseite\",\"item\":\"https:\/\/hoermann.kuenstlerischetherapien.de\/\"},{\"@type\":\"ListItem\",\"position\":2,\"name\":\"An Promovenden und Interessierte\"}]},{\"@type\":\"WebSite\",\"@id\":\"https:\/\/hoermann.kuenstlerischetherapien.de\/#website\",\"url\":\"https:\/\/hoermann.kuenstlerischetherapien.de\/\",\"name\":\"Karl H\u00f6rmann\",\"description\":\"Vielen Dank f\u00fcr Ihren Besuch!\",\"publisher\":{\"@id\":\"https:\/\/hoermann.kuenstlerischetherapien.de\/#\/schema\/person\/ad6f67d6b68e42a4e16ce45c29cb04fa\"},\"potentialAction\":[{\"@type\":\"SearchAction\",\"target\":{\"@type\":\"EntryPoint\",\"urlTemplate\":\"https:\/\/hoermann.kuenstlerischetherapien.de\/?s={search_term_string}\"},\"query-input\":{\"@type\":\"PropertyValueSpecification\",\"valueRequired\":true,\"valueName\":\"search_term_string\"}}],\"inLanguage\":\"de\"},{\"@type\":[\"Person\",\"Organization\"],\"@id\":\"https:\/\/hoermann.kuenstlerischetherapien.de\/#\/schema\/person\/ad6f67d6b68e42a4e16ce45c29cb04fa\",\"name\":\"hoermann\",\"image\":{\"@type\":\"ImageObject\",\"inLanguage\":\"de\",\"@id\":\"https:\/\/hoermann.kuenstlerischetherapien.de\/#\/schema\/person\/image\/\",\"url\":\"https:\/\/secure.gravatar.com\/avatar\/6c18c2e8018c28461079c3bcf12403520d10f3436982823d4db58c42987cf6e1?s=96&d=mm&r=g\",\"contentUrl\":\"https:\/\/secure.gravatar.com\/avatar\/6c18c2e8018c28461079c3bcf12403520d10f3436982823d4db58c42987cf6e1?s=96&d=mm&r=g\",\"caption\":\"hoermann\"},\"logo\":{\"@id\":\"https:\/\/hoermann.kuenstlerischetherapien.de\/#\/schema\/person\/image\/\"},\"sameAs\":[\"http:\/\/www.karl-hoermann.de\"]}]}<\/script>\n<!-- \/ Yoast SEO plugin. -->","yoast_head_json":{"title":"An Promovenden und Interessierte - Karl H\u00f6rmann","robots":{"index":"index","follow":"follow","max-snippet":"max-snippet:-1","max-image-preview":"max-image-preview:large","max-video-preview":"max-video-preview:-1"},"canonical":"https:\/\/hoermann.kuenstlerischetherapien.de\/?page_id=408","og_locale":"de_DE","og_type":"article","og_title":"An Promovenden und Interessierte - Karl H\u00f6rmann","og_description":"Nat\u00fcrlich sind die Anfragen nach Promotionsbetreuung mit mir als Kritiker der diesbez\u00fcglichen Verh\u00e4ltnisse erfreulich und ehrenvoll, doch ist zu einiges zu bedenken. Wer das Stammwort &#8222;profiteri&#8220; nicht als Aufforderung zum Profitmachen, sondern in seiner urspr\u00fcnglichen Wort\u00fcbersetzung &#8222;\u00f6ffentlich bekennen&#8220; ernst nimmt, gilt nicht mehr als zeitgem\u00e4\u00df und muss entsprechende Konsequenzen bef\u00fcrchten.","og_url":"https:\/\/hoermann.kuenstlerischetherapien.de\/?page_id=408","og_site_name":"Karl H\u00f6rmann","twitter_card":"summary_large_image","twitter_misc":{"Gesch\u00e4tzte Lesezeit":"1\u00a0Minute"},"schema":{"@context":"https:\/\/schema.org","@graph":[{"@type":"WebPage","@id":"https:\/\/hoermann.kuenstlerischetherapien.de\/?page_id=408","url":"https:\/\/hoermann.kuenstlerischetherapien.de\/?page_id=408","name":"An Promovenden und Interessierte - Karl H\u00f6rmann","isPartOf":{"@id":"https:\/\/hoermann.kuenstlerischetherapien.de\/#website"},"datePublished":"2025-12-07T16:35:25+00:00","breadcrumb":{"@id":"https:\/\/hoermann.kuenstlerischetherapien.de\/?page_id=408#breadcrumb"},"inLanguage":"de","potentialAction":[{"@type":"ReadAction","target":["https:\/\/hoermann.kuenstlerischetherapien.de\/?page_id=408"]}]},{"@type":"BreadcrumbList","@id":"https:\/\/hoermann.kuenstlerischetherapien.de\/?page_id=408#breadcrumb","itemListElement":[{"@type":"ListItem","position":1,"name":"Startseite","item":"https:\/\/hoermann.kuenstlerischetherapien.de\/"},{"@type":"ListItem","position":2,"name":"An Promovenden und Interessierte"}]},{"@type":"WebSite","@id":"https:\/\/hoermann.kuenstlerischetherapien.de\/#website","url":"https:\/\/hoermann.kuenstlerischetherapien.de\/","name":"Karl H\u00f6rmann","description":"Vielen Dank f\u00fcr Ihren Besuch!","publisher":{"@id":"https:\/\/hoermann.kuenstlerischetherapien.de\/#\/schema\/person\/ad6f67d6b68e42a4e16ce45c29cb04fa"},"potentialAction":[{"@type":"SearchAction","target":{"@type":"EntryPoint","urlTemplate":"https:\/\/hoermann.kuenstlerischetherapien.de\/?s={search_term_string}"},"query-input":{"@type":"PropertyValueSpecification","valueRequired":true,"valueName":"search_term_string"}}],"inLanguage":"de"},{"@type":["Person","Organization"],"@id":"https:\/\/hoermann.kuenstlerischetherapien.de\/#\/schema\/person\/ad6f67d6b68e42a4e16ce45c29cb04fa","name":"hoermann","image":{"@type":"ImageObject","inLanguage":"de","@id":"https:\/\/hoermann.kuenstlerischetherapien.de\/#\/schema\/person\/image\/","url":"https:\/\/secure.gravatar.com\/avatar\/6c18c2e8018c28461079c3bcf12403520d10f3436982823d4db58c42987cf6e1?s=96&d=mm&r=g","contentUrl":"https:\/\/secure.gravatar.com\/avatar\/6c18c2e8018c28461079c3bcf12403520d10f3436982823d4db58c42987cf6e1?s=96&d=mm&r=g","caption":"hoermann"},"logo":{"@id":"https:\/\/hoermann.kuenstlerischetherapien.de\/#\/schema\/person\/image\/"},"sameAs":["http:\/\/www.karl-hoermann.de"]}]}},"_links":{"self":[{"href":"https:\/\/hoermann.kuenstlerischetherapien.de\/index.php?rest_route=\/wp\/v2\/pages\/408","targetHints":{"allow":["GET"]}}],"collection":[{"href":"https:\/\/hoermann.kuenstlerischetherapien.de\/index.php?rest_route=\/wp\/v2\/pages"}],"about":[{"href":"https:\/\/hoermann.kuenstlerischetherapien.de\/index.php?rest_route=\/wp\/v2\/types\/page"}],"author":[{"embeddable":true,"href":"https:\/\/hoermann.kuenstlerischetherapien.de\/index.php?rest_route=\/wp\/v2\/users\/1"}],"replies":[{"embeddable":true,"href":"https:\/\/hoermann.kuenstlerischetherapien.de\/index.php?rest_route=%2Fwp%2Fv2%2Fcomments&post=408"}],"version-history":[{"count":1,"href":"https:\/\/hoermann.kuenstlerischetherapien.de\/index.php?rest_route=\/wp\/v2\/pages\/408\/revisions"}],"predecessor-version":[{"id":533,"href":"https:\/\/hoermann.kuenstlerischetherapien.de\/index.php?rest_route=\/wp\/v2\/pages\/408\/revisions\/533"}],"wp:attachment":[{"href":"https:\/\/hoermann.kuenstlerischetherapien.de\/index.php?rest_route=%2Fwp%2Fv2%2Fmedia&parent=408"}],"curies":[{"name":"wp","href":"https:\/\/api.w.org\/{rel}","templated":true}]}}